{"id":26,"date":"2015-07-11T18:13:46","date_gmt":"2015-07-11T16:13:46","guid":{"rendered":"https:\/\/www.yurishepherd.com\/wordpress\/es\/?page_id=26"},"modified":"2015-07-11T18:17:57","modified_gmt":"2015-07-11T16:17:57","slug":"politica-de-cookies","status":"publish","type":"page","link":"https:\/\/www.yurishepherd.com\/es\/politica-de-cookies\/","title":{"rendered":"Politica de Cookies"},"content":{"rendered":"<h3><strong>\u00bfQu\u00e9 son las Cookies?<\/strong><\/h3>\n<p>Una cookie es un fichero que se descarga en tu ordenador al acceder a determinadas p\u00e1ginas web. Las cookies permiten a una p\u00e1gina web, entre otras cosas, almacenar y recuperar informaci\u00f3n sobre los h\u00e1bitos de navegaci\u00f3n de un usuario o de su equipo, gestionar el acceso de usuarios a zonas restringidas de la web, etc.<\/p>\n<p><strong>\u00bfQu\u00e9 tipo de Cookies utiliza esta p\u00e1gina web?<\/strong><\/p>\n<p><strong>Cookies de An\u00e1lisis<\/strong><br \/>\nSon aqu\u00e9llas que posibilitan el seguimiento y an\u00e1lisis del comportamiento de los usuarios en nuestra p\u00e1gina. La informaci\u00f3n recogida se utiliza para la medici\u00f3n de la actividad de los usuarios en la web y la elaboraci\u00f3n de perfiles de navegaci\u00f3n de los usuarios, con la finalidad de mejorar la web, as\u00ed como los productos y servicios ofertados.<\/p>\n<p><strong>Cookies T\u00e9cnicas<\/strong><\/p>\n<p>Son aqu\u00e9llas que facilitan al usuario la navegaci\u00f3n a trav\u00e9s de la web y la utilizaci\u00f3n de las diferentes opciones o servicios que existen en la p\u00e1gina como por ejemplo la identificaci\u00f3n de sesi\u00f3n, acceso a zonas restringidas, recuperaci\u00f3n de los elementos introducidos en el sistema de pedidos, etc.<\/p>\n<p><strong>Cookies de Personalizaci\u00f3n<\/strong><\/p>\n<p>Son aqu\u00e9llas que permiten al usuario acceder a la web con una serie de caracter\u00edsticas t\u00e9cnicas predeterminadas, seg\u00fan los criterios preestablecidos en su equipo, como por ejemplo el idioma, el tipo de navegador, la configuraci\u00f3n regional, etc.<\/p>\n<p><strong>\u00bfQui\u00e9n utiliza las Cookies?<\/strong><\/p>\n<p>Las cookies empleadas en esta p\u00e1gina web, son utilizadas por el responsable legal de la misma. No obstante, las cookies de an\u00e1lisis son gestionadas a trav\u00e9s de Google Analytics, un servicio de anal\u00edtica web prestado por Google, Inc. Google Analytics utiliza sus cookies para analizar la navegaci\u00f3n de los usuarios en este sitio web. La informaci\u00f3n que genera la cookie acerca del uso de la p\u00e1gina (incluyendo su direcci\u00f3n IP) ser\u00e1 directamente transmitida y archivada por Google en los servidores de Estados Unidos. Google usar\u00e1 esta informaci\u00f3n para proporcionarnos informaci\u00f3n sobre la actividad de los usuarios en nuestra web. Google podr\u00e1 transmitir dicha informaci\u00f3n a terceros cuando as\u00ed se lo requiera la legislaci\u00f3n, o cuando dichos terceros procesen la informaci\u00f3n por cuenta de Google. Google no asociar\u00e1 su direcci\u00f3n IP con ning\u00fan otro dato del que disponga Google.<\/p>\n<p>En los siguientes enlaces puede consultar la pol\u00edtica de cookies de Google Analytics:<\/p>\n<p><a href=\"https:\/\/developers.google.com\/analytics\/devguides\/collection\/analyticsjs\/cookie-usage?hl=es\">https:\/\/developers.google.com\/analytics\/devguides\/collection\/analyticsjs\/cookie-usage?hl=es<\/a><\/p>\n<p><a href=\"https:\/\/support.google.com\/analytics\/answer\/6004245\">https:\/\/support.google.com\/analytics\/answer\/6004245<\/a><\/p>\n<p><strong>\u00a0<\/strong><strong>\u00bfC\u00f3mo puedo desactivar o eliminar las Cookies?<\/strong><\/p>\n<p>Puede permitir, bloquear o eliminar las cookies instaladas en su equipo mediante la configuraci\u00f3n de las opciones del navegador instalado en su ordenador. En los siguientes enlaces encontrar\u00e1 informaci\u00f3n adicional sobre las opciones de configuraci\u00f3n de las cookies en los distintos navegadores.<br \/>\nPara m\u00e1s informaci\u00f3n sobre Internet Explorer pulse\u00a0<a href=\"http:\/\/windows.microsoft.com\/en-US\/windows-vista\/block-or-allow-cookies\">aqu\u00ed<\/a>.<br \/>\nPara m\u00e1s informaci\u00f3n sobre Google Chrome pulse\u00a0<a href=\"https:\/\/support.google.com\/accounts\/answer\/61416?hl=en\">aqu\u00ed<\/a>.<br \/>\nPara m\u00e1s informaci\u00f3n sobre Firefox pulse\u00a0<a href=\"http:\/\/support.mozilla.org\/en-US\/kb\/disable-third-party-cookies\">aqu\u00ed<\/a>.<br \/>\nPara m\u00e1s informaci\u00f3n sobre Safari pulse\u00a0<a href=\"http:\/\/support.apple.com\/kb\/ph5042\">aqu\u00ed<\/a>.<br \/>\nPara m\u00e1s informaci\u00f3n sobre Opera pulse\u00a0<a href=\"http:\/\/www.opera.com\/help\/tutorials\/security\/privacy\/\">aqu\u00ed<\/a>.<br \/>\nPara m\u00e1s informaci\u00f3n sobre Android pulse\u00a0<a href=\"http:\/\/support.google.com\/android\/?hl=es\">aqu\u00ed<\/a>.<br \/>\nPara m\u00e1s informaci\u00f3n sobre Windows Phone pulse\u00a0<a href=\"http:\/\/www.windowsphone.com\/es-ES\/how-to\/wp7\/web\/changing-privacy-and-other-browser-settings\">aqu\u00ed<\/a>.<br \/>\nPara m\u00e1s informaci\u00f3n sobre Blackberry pulse <a href=\"http:\/\/docs.blackberry.com\/en\/smartphone_users%E2%80%A6\">aqu\u00ed<\/a>.<\/p>\n","protected":false},"excerpt":{"rendered":"<p>\u00bfQu\u00e9 son las Cookies? Una cookie es un fichero que se descarga en tu ordenador al acceder a determinadas p\u00e1ginas web. Las cookies permiten a una p\u00e1gina web, entre otras cosas, almacenar y recuperar informaci\u00f3n sobre los h\u00e1bitos de navegaci\u00f3n de un usuario o de su equipo, gestionar el acceso de usuarios a zonas restringidas&hellip; <a class=\"more-link\" href=\"https:\/\/www.yurishepherd.com\/es\/politica-de-cookies\/\">Seguir leyendo <span class=\"screen-reader-text\">Politica de Cookies<\/span><\/a><\/p>\n","protected":false},"author":1,"featured_media":0,"parent":0,"menu_order":0,"comment_status":"closed","ping_status":"open","template":"","meta":{"footnotes":""},"categories":[],"tags":[],"class_list":["post-26","page","type-page","status-publish","hentry","entry"],"_links":{"self":[{"href":"https:\/\/www.yurishepherd.com\/es\/wp-json\/wp\/v2\/pages\/26"}],"collection":[{"href":"https:\/\/www.yurishepherd.com\/es\/wp-json\/wp\/v2\/pages"}],"about":[{"href":"https:\/\/www.yurishepherd.com\/es\/wp-json\/wp\/v2\/types\/page"}],"author":[{"embeddable":true,"href":"https:\/\/www.yurishepherd.com\/es\/wp-json\/wp\/v2\/users\/1"}],"replies":[{"embeddable":true,"href":"https:\/\/www.yurishepherd.com\/es\/wp-json\/wp\/v2\/comments?post=26"}],"version-history":[{"count":3,"href":"https:\/\/www.yurishepherd.com\/es\/wp-json\/wp\/v2\/pages\/26\/revisions"}],"predecessor-version":[{"id":29,"href":"https:\/\/www.yurishepherd.com\/es\/wp-json\/wp\/v2\/pages\/26\/revisions\/29"}],"wp:attachment":[{"href":"https:\/\/www.yurishepherd.com\/es\/wp-json\/wp\/v2\/media?parent=26"}],"wp:term":[{"taxonomy":"category","embeddable":true,"href":"https:\/\/www.yurishepherd.com\/es\/wp-json\/wp\/v2\/categories?post=26"},{"taxonomy":"post_tag","embeddable":true,"href":"https:\/\/www.yurishepherd.com\/es\/wp-json\/wp\/v2\/tags?post=26"}],"curies":[{"name":"wp","href":"https:\/\/api.w.org\/{rel}","templated":true}]}}